{"id":447,"date":"2014-03-16T19:25:15","date_gmt":"2014-03-16T17:25:15","guid":{"rendered":"http:\/\/www.marsulpentruviata.ro\/?page_id=447"},"modified":"2016-03-29T14:53:44","modified_gmt":"2016-03-29T14:53:44","slug":"resurse","status":"publish","type":"page","link":"https:\/\/www.marsulpentruviata.md\/en\/resurse\/","title":{"rendered":"Resources"},"content":{"rendered":"<p><a title=\"Posters\" href=\"http:\/\/www.marsulpentruviata.md\/en\/resurse\/pancarte\/\">Posters<\/a><br \/>\n<a title=\"Pregnancy crisis counseling centers\" href=\"http:\/\/www.marsulpentruviata.md\/en\/resurse\/centre-de-consiliere-pentru-criza-de-sarcina\/\">Pregnancy crisis counseling centers<\/a><\/p>\n<p>&nbsp;<\/p>\n<p>&nbsp;<\/p>\n<p>&nbsp;<\/p>\n<p>&nbsp;<\/p>\n<p><a href=\"http:\/\/www.femeifericite.com\/\"><img loading=\"lazy\" decoding=\"async\" class=\"aligncenter wp-image-1650 size-full\" src=\"http:\/\/www.marsulpentruviata.ro\/wp-content\/uploads\/2014\/03\/OT1-1024x128.png\" alt=\"OT1-1024x128\" width=\"1024\" height=\"128\" \/><\/a><\/p>","protected":false},"excerpt":{"rendered":"<p>Pancarte Centre de consiliere pentru criz\u0103 de sarcin\u0103 &nbsp; &nbsp; &nbsp; &nbsp;<\/p>","protected":false},"author":2,"featured_media":0,"parent":0,"menu_order":0,"comment_status":"open","ping_status":"open","template":"","meta":{"jetpack_post_was_ever_published":false,"footnotes":""},"class_list":["post-447","page","type-page","status-publish","hentry"],"yoast_head":"<!-- This site is optimized with the Yoast SEO plugin v27.5 - https:\/\/yoast.com\/product\/yoast-seo-wordpress\/ -->\n<title>Resurse - Mar\u0219ul pentru via\u021b\u0103<\/title>\n<meta name=\"robots\" content=\"index, follow, max-snippet:-1, max-image-preview:large, max-video-preview:-1\" \/>\n<link rel=\"canonical\" href=\"http:\/\/www.marsulpentruviata.md\/en\/resurse\/\" \/>\n<meta property=\"og:locale\" content=\"en_US\" \/>\n<meta property=\"og:type\" content=\"article\" \/>\n<meta property=\"og:title\" content=\"Resurse - Mar\u0219ul pentru via\u021b\u0103\" \/>\n<meta property=\"og:description\" content=\"Pancarte Centre de consiliere pentru criz\u0103 de sarcin\u0103 &nbsp; &nbsp; &nbsp; &nbsp;\" \/>\n<meta property=\"og:url\" content=\"http:\/\/www.marsulpentruviata.md\/en\/resurse\/\" \/>\n<meta property=\"og:site_name\" content=\"Mar\u0219ul pentru via\u021b\u0103\" \/>\n<meta property=\"article:modified_time\" content=\"2016-03-29T14:53:44+00:00\" \/>\n<meta property=\"og:image\" content=\"http:\/\/www.marsulpentruviata.ro\/wp-content\/uploads\/2014\/03\/OT1-1024x128.png\" \/>\n<meta name=\"twitter:card\" content=\"summary_large_image\" \/>\n<script type=\"application\/ld+json\" class=\"yoast-schema-graph\">{\"@context\":\"https:\\\/\\\/schema.org\",\"@graph\":[{\"@type\":\"WebPage\",\"@id\":\"http:\\\/\\\/www.marsulpentruviata.md\\\/en\\\/resurse\\\/\",\"url\":\"http:\\\/\\\/www.marsulpentruviata.md\\\/en\\\/resurse\\\/\",\"name\":\"Resurse - Mar\u0219ul pentru via\u021b\u0103\",\"isPartOf\":{\"@id\":\"http:\\\/\\\/www.marsulpentruviata.md\\\/#website\"},\"primaryImageOfPage\":{\"@id\":\"http:\\\/\\\/www.marsulpentruviata.md\\\/en\\\/resurse\\\/#primaryimage\"},\"image\":{\"@id\":\"http:\\\/\\\/www.marsulpentruviata.md\\\/en\\\/resurse\\\/#primaryimage\"},\"thumbnailUrl\":\"http:\\\/\\\/www.marsulpentruviata.ro\\\/wp-content\\\/uploads\\\/2014\\\/03\\\/OT1-1024x128.png\",\"datePublished\":\"2014-03-16T17:25:15+00:00\",\"dateModified\":\"2016-03-29T14:53:44+00:00\",\"breadcrumb\":{\"@id\":\"http:\\\/\\\/www.marsulpentruviata.md\\\/en\\\/resurse\\\/#breadcrumb\"},\"inLanguage\":\"en-US\",\"potentialAction\":[{\"@type\":\"ReadAction\",\"target\":[\"http:\\\/\\\/www.marsulpentruviata.md\\\/en\\\/resurse\\\/\"]}]},{\"@type\":\"ImageObject\",\"inLanguage\":\"en-US\",\"@id\":\"http:\\\/\\\/www.marsulpentruviata.md\\\/en\\\/resurse\\\/#primaryimage\",\"url\":\"http:\\\/\\\/www.marsulpentruviata.ro\\\/wp-content\\\/uploads\\\/2014\\\/03\\\/OT1-1024x128.png\",\"contentUrl\":\"http:\\\/\\\/www.marsulpentruviata.ro\\\/wp-content\\\/uploads\\\/2014\\\/03\\\/OT1-1024x128.png\"},{\"@type\":\"BreadcrumbList\",\"@id\":\"http:\\\/\\\/www.marsulpentruviata.md\\\/en\\\/resurse\\\/#breadcrumb\",\"itemListElement\":[{\"@type\":\"ListItem\",\"position\":1,\"name\":\"Home\",\"item\":\"http:\\\/\\\/www.marsulpentruviata.md\\\/\"},{\"@type\":\"ListItem\",\"position\":2,\"name\":\"Resurse\"}]},{\"@type\":\"WebSite\",\"@id\":\"http:\\\/\\\/www.marsulpentruviata.md\\\/#website\",\"url\":\"http:\\\/\\\/www.marsulpentruviata.md\\\/\",\"name\":\"Mar\u0219ul pentru via\u021b\u0103\",\"description\":\"O lume pentru via\u021b\u0103\",\"potentialAction\":[{\"@type\":\"SearchAction\",\"target\":{\"@type\":\"EntryPoint\",\"urlTemplate\":\"http:\\\/\\\/www.marsulpentruviata.md\\\/?s={search_term_string}\"},\"query-input\":{\"@type\":\"PropertyValueSpecification\",\"valueRequired\":true,\"valueName\":\"search_term_string\"}}],\"inLanguage\":\"en-US\"}]}<\/script>\n<!-- \/ Yoast SEO plugin. -->","yoast_head_json":{"title":"Resurse - Mar\u0219ul pentru via\u021b\u0103","robots":{"index":"index","follow":"follow","max-snippet":"max-snippet:-1","max-image-preview":"max-image-preview:large","max-video-preview":"max-video-preview:-1"},"canonical":"http:\/\/www.marsulpentruviata.md\/en\/resurse\/","og_locale":"en_US","og_type":"article","og_title":"Resurse - Mar\u0219ul pentru via\u021b\u0103","og_description":"Pancarte Centre de consiliere pentru criz\u0103 de sarcin\u0103 &nbsp; &nbsp; &nbsp; &nbsp;","og_url":"http:\/\/www.marsulpentruviata.md\/en\/resurse\/","og_site_name":"Mar\u0219ul pentru via\u021b\u0103","article_modified_time":"2016-03-29T14:53:44+00:00","og_image":[{"url":"http:\/\/www.marsulpentruviata.ro\/wp-content\/uploads\/2014\/03\/OT1-1024x128.png","type":"","width":"","height":""}],"twitter_card":"summary_large_image","schema":{"@context":"https:\/\/schema.org","@graph":[{"@type":"WebPage","@id":"http:\/\/www.marsulpentruviata.md\/en\/resurse\/","url":"http:\/\/www.marsulpentruviata.md\/en\/resurse\/","name":"Resurse - Mar\u0219ul pentru via\u021b\u0103","isPartOf":{"@id":"http:\/\/www.marsulpentruviata.md\/#website"},"primaryImageOfPage":{"@id":"http:\/\/www.marsulpentruviata.md\/en\/resurse\/#primaryimage"},"image":{"@id":"http:\/\/www.marsulpentruviata.md\/en\/resurse\/#primaryimage"},"thumbnailUrl":"http:\/\/www.marsulpentruviata.ro\/wp-content\/uploads\/2014\/03\/OT1-1024x128.png","datePublished":"2014-03-16T17:25:15+00:00","dateModified":"2016-03-29T14:53:44+00:00","breadcrumb":{"@id":"http:\/\/www.marsulpentruviata.md\/en\/resurse\/#breadcrumb"},"inLanguage":"en-US","potentialAction":[{"@type":"ReadAction","target":["http:\/\/www.marsulpentruviata.md\/en\/resurse\/"]}]},{"@type":"ImageObject","inLanguage":"en-US","@id":"http:\/\/www.marsulpentruviata.md\/en\/resurse\/#primaryimage","url":"http:\/\/www.marsulpentruviata.ro\/wp-content\/uploads\/2014\/03\/OT1-1024x128.png","contentUrl":"http:\/\/www.marsulpentruviata.ro\/wp-content\/uploads\/2014\/03\/OT1-1024x128.png"},{"@type":"BreadcrumbList","@id":"http:\/\/www.marsulpentruviata.md\/en\/resurse\/#breadcrumb","itemListElement":[{"@type":"ListItem","position":1,"name":"Home","item":"http:\/\/www.marsulpentruviata.md\/"},{"@type":"ListItem","position":2,"name":"Resurse"}]},{"@type":"WebSite","@id":"http:\/\/www.marsulpentruviata.md\/#website","url":"http:\/\/www.marsulpentruviata.md\/","name":"March for Life","description":"O lume pentru via\u021b\u0103","potentialAction":[{"@type":"SearchAction","target":{"@type":"EntryPoint","urlTemplate":"http:\/\/www.marsulpentruviata.md\/?s={search_term_string}"},"query-input":{"@type":"PropertyValueSpecification","valueRequired":true,"valueName":"search_term_string"}}],"inLanguage":"en-US"}]}},"jetpack_sharing_enabled":true,"jetpack_shortlink":"https:\/\/wp.me\/P7mnA9-7d","_links":{"self":[{"href":"https:\/\/www.marsulpentruviata.md\/en\/wp-json\/wp\/v2\/pages\/447","targetHints":{"allow":["GET"]}}],"collection":[{"href":"https:\/\/www.marsulpentruviata.md\/en\/wp-json\/wp\/v2\/pages"}],"about":[{"href":"https:\/\/www.marsulpentruviata.md\/en\/wp-json\/wp\/v2\/types\/page"}],"author":[{"embeddable":true,"href":"https:\/\/www.marsulpentruviata.md\/en\/wp-json\/wp\/v2\/users\/2"}],"replies":[{"embeddable":true,"href":"https:\/\/www.marsulpentruviata.md\/en\/wp-json\/wp\/v2\/comments?post=447"}],"version-history":[{"count":3,"href":"https:\/\/www.marsulpentruviata.md\/en\/wp-json\/wp\/v2\/pages\/447\/revisions"}],"predecessor-version":[{"id":2217,"href":"https:\/\/www.marsulpentruviata.md\/en\/wp-json\/wp\/v2\/pages\/447\/revisions\/2217"}],"wp:attachment":[{"href":"https:\/\/www.marsulpentruviata.md\/en\/wp-json\/wp\/v2\/media?parent=447"}],"curies":[{"name":"wp","href":"https:\/\/api.w.org\/{rel}","templated":true}]}}