{"id":627,"date":"2014-03-18T18:09:10","date_gmt":"2014-03-18T16:09:10","guid":{"rendered":"http:\/\/www.marsulpentruviata.ro\/?page_id=627"},"modified":"2021-04-19T19:08:16","modified_gmt":"2021-04-19T16:08:16","slug":"oraseorganizatoare","status":"publish","type":"page","link":"https:\/\/www.marsulpentruviata.md\/en\/","title":{"rendered":"Organizing Cities"},"content":{"rendered":"<p style=\"text-align: center;\"><iframe loading=\"lazy\" style=\"line-height: 1.5em;\" src=\"https:\/\/www.google.com\/maps\/d\/embed?mid=zXxHbpmUkHPU.ka0q7SRhAMNU\" width=\"1020\" height=\"720\"><\/iframe><\/p>\n<p><div class=\"fourcol-one\">\n<div class=\"shortcode-unorderedlist star\"><\/p>\n<ul>\n<li>Abaclia<\/li>\n<li>Alcedar<\/li>\n<li>Alexandrovca<\/li>\n<li>Alexandru cel Bun<\/li>\n<li>Alexandru Ioan Cuza<\/li>\n<li>Alexeevca<\/li>\n<li>Anenii Noi<\/li>\n<li>Antone\u0219ti<\/li>\n<li>Badicul Moldovenesc<\/li>\n<li>Bahmut<\/li>\n<li>Bahu<\/li>\n<li>Basarabeasca<\/li>\n<li>Ba\u0219calia<\/li>\n<li>Baurci Moldoveni<\/li>\n<li>B\u0103diceni<\/li>\n<li>B\u0103hrine\u0219ti<\/li>\n<li>B\u0103iu\u0219<\/li>\n<li>B\u0103l\u0103ne\u0219ti<\/li>\n<li>B\u0103l\u0103\u0219e\u0219ti<\/li>\n<li>B\u0103l\u0103ure\u0219ti<\/li>\n<li>B\u0103lceana<\/li>\n<li>B\u0103l\u021bata<\/li>\n<li>B\u0103l\u021bi<\/li>\n<li>B\u0103rboieni<\/li>\n<li>B\u0103xeni<\/li>\n<li>Bere\u0219ti<\/li>\n<li>Be\u0219temac<\/li>\n<li>Bilicenii Noi<\/li>\n<li>Biruin\u021ba<\/li>\n<li>Bl\u00eende\u015fti<\/li>\n<li>Bobule\u0219ti<\/li>\n<li>Bocancea-Schit<\/li>\n<li>Boghiceni<\/li>\n<li>Boldure\u0219ti<\/li>\n<li>Borogani<\/li>\n<li>Bo\u0219cana<\/li>\n<li>Bozieni<\/li>\n<li>Bravicea<\/li>\n<li>Br\u0103tuleni<\/li>\n<li>Bubuieci<\/li>\n<li>Briceni<\/li>\n<li>Buciumeni<\/li>\n<li>Bujor<\/li>\n<li>Bulboaca<\/li>\n<li>Bulbocii Noi<\/li>\n<li>Bublocii Vechi<\/li>\n<li>Bumb\u0103ta<\/li>\n<li>Burl\u0103ne\u0219ti<\/li>\n<li>Bursuceni<\/li>\n<li>Bu\u0219ila<\/li>\n<li>Bu\u021beni<\/li>\n<li>Cahul<\/li>\n<li>Camenca<\/li>\n<li>Cania<\/li>\n<li>Cantemir<\/li>\n<li>Carabetovca<\/li>\n<li>Caracui<\/li>\n<li>Carahasani<\/li>\n<li>Ca\u0219unca<\/li>\n<li>Cazangic<\/li>\n<li>C\u0103inari<\/li>\n<li>C\u0103inari Vechi<\/li>\n<li>C\u0103l\u0103ra\u0219i<\/li>\n<li>C\u0103lim\u0103ne\u0219ti<\/li>\n<li>C\u0103lm\u0103\u021bui<\/li>\n<li>C\u0103plani<\/li>\n<li>C\u0103rpineni<\/li>\n<li>C\u0103\u021beleni<\/li>\n<li>C\u0103u\u0219eni<\/li>\n<li>Cead\u00eer<\/li>\n<li>Cead\u00eer-Lunga<\/li>\n<li>Cenu\u0219a<\/li>\n<li>Cerlina<\/li>\n<li>Cerni\u021ba<\/li>\n<li>Chetrosu (Anenii Noi)<\/li>\n<li>Chetrosu (Drochia)<\/li>\n<li>Chioselia Mare<\/li>\n<li>Chirc\u0103ie\u0219tii Noi<\/li>\n<li>Chircani<\/li>\n<li>Chirileni<\/li>\n<li>Chi\u0219c\u0103reni<\/li>\n<li>Chi\u0219in\u0103u<\/li>\n<li>Chi\u021bcanii Vechi<\/li>\n<li>Cig\u00eerleni<\/li>\n<li>Cimi\u0219eni<\/li>\n<li>Cimi\u0219lia<\/li>\n<li>Cioara<\/li>\n<li>Ciore\u0219ti<\/li>\n<li>Ciripc\u0103u<\/li>\n<li>Ciuciuieni<\/li>\n<li>Ciuciuleni<\/li>\n<li>Ciutule\u0219ti<\/li>\n<li>C\u00eerne\u0219ti<\/li>\n<li>Clim\u0103u\u021bi<\/li>\n<li>Coada Iazului<\/li>\n<li>Cobu\u0219ca Nou\u0103<\/li>\n<li>Cocieri<\/li>\n<li>Colibanovca<\/li>\n<li>Comrat<\/li>\n<li>Condr\u0103te\u0219ti<\/li>\n<li>Cop\u0103ceni<\/li>\n<li>Corjova<\/li>\n<li>Corl\u0103teni<\/li>\n<li>Corne\u0219ti<\/li>\n<li>Cos\u0103u\u021bi<\/li>\n<li>Coste\u0219ti (Ialoveni)<\/li>\n<li>Coste\u0219ti (R\u00ee\u0219cani)<\/li>\n<\/ul>\n<p><\/div>\n<\/p>\n<\/div> <div class=\"fourcol-one\">\n<div class=\"shortcode-unorderedlist star\"><\/p>\n<ul>\n<li>Co\u0219calia<\/li>\n<li>Co\u0219codeni<\/li>\n<li>Co\u0219erni\u021ba (Criuleni)<\/li>\n<li>Co\u0219erni\u021ba (Flore\u0219ti)<\/li>\n<li>Co\u0219ni\u021ba<\/li>\n<li>Cotiujenii Mari<\/li>\n<li>Cotiujenii Mici<\/li>\n<li>Cotul Morii<\/li>\n<li>Covurlui<\/li>\n<li>Coze\u0219ti<\/li>\n<li>Crasnoe<\/li>\n<li>Criste\u0219ti<\/li>\n<li>Criuleni<\/li>\n<li>Crocmaz<\/li>\n<li>Cruglic<\/li>\n<li>Cubolta<\/li>\n<li>Cucoara<\/li>\n<li>Cuhure\u0219tii de Jos<\/li>\n<li>Cuhure\u0219tii de Sus<\/li>\n<li>Cunicea<\/li>\n<li>Cu\u0219erni\u021ba Veche<\/li>\n<li>Cu\u0219mirca<\/li>\n<li>Dahnovici<\/li>\n<li>Dancu<\/li>\n<li>Derec\u0103u\u021bi<\/li>\n<li>Dereneu<\/li>\n<li>Dnestrovsc<\/li>\n<li>Dobruja<\/li>\n<li>Doina<\/li>\n<li>Dolinnoe<\/li>\n<li>Domulgeni<\/li>\n<li>Dondu\u0219eni (ora\u0219)<\/li>\n<li>Dondu\u0219eni (sat)<\/li>\n<li>Doro\u021bcaia<\/li>\n<li>Dr\u0103g\u0103ne\u0219ti<\/li>\n<li>Dr\u0103gu\u0219eni<\/li>\n<li>Dr\u0103gu\u0219enii Noi<\/li>\n<li>Dr\u0103sliceni<\/li>\n<li>Drochia (ora\u0219)<\/li>\n<li>Drochia (sat)<\/li>\n<li>Drujba<\/li>\n<li>Dub\u0103sari<\/li>\n<li>Dub\u0103sarii Vechi<\/li>\n<li>Dubna<\/li>\n<li>Dumitreni<\/li>\n<li>Edine\u021b<\/li>\n<li>Egoreni<\/li>\n<li>F\u0103le\u0219ti<\/li>\n<li>Fete\u0219ti<\/li>\n<li>Filipeni<\/li>\n<li>F\u00eerl\u0103deni<\/li>\n<li>Fl\u0103m\u00eenzeni<\/li>\n<li>Flore\u0219ti<\/li>\n<li>Fr\u0103sine\u015fti<\/li>\n<li>Frumu\u0219ica<\/li>\n<li>Fundul Galbenei<\/li>\n<li>Gangura<\/li>\n<li>Gara Rediu<\/li>\n<li>G\u0103v\u0103noasa<\/li>\n<li>Gherman<\/li>\n<li>Ghiliceni<\/li>\n<li>Ghinde\u0219ti<\/li>\n<li>Ghioltosul<\/li>\n<li>Giurgiule\u0219ti<\/li>\n<li>Girbova<\/li>\n<li>Glinjeni<\/li>\n<li>Glodeni<\/li>\n<li>Gr\u0103seni<\/li>\n<li>Gr\u0103tie\u0219ti<\/li>\n<li>Grigore\u0219ti<\/li>\n<li>Grigoriopol<\/li>\n<li>Grozasca<\/li>\n<li>Groze\u0219ti<\/li>\n<li>Gura C\u0103inarului<\/li>\n<li>Gura Camencii<\/li>\n<li>Gvozdova<\/li>\n<li>Hagimus<\/li>\n<li>Heciul Nou<\/li>\n<li>Heciul Vechi<\/li>\n<li>H\u00eence\u0219ti (ora\u0219)<\/li>\n<li>H\u00eence\u0219ti (sat)<\/li>\n<li>H\u00eertop<\/li>\n<li>H\u00eertopul Mare<\/li>\n<li>H\u00eertopul Mic<\/li>\n<li>Hogine\u0219ti<\/li>\n<li>Holercani<\/li>\n<li>Holo\u0219ni\u021ba<\/li>\n<li>Hore\u0219ti (F\u0103le\u0219ti)<\/li>\n<li>Hore\u0219ti (Ialoveni)<\/li>\n<li>Horje\u0219ti<\/li>\n<li>Horodca<\/li>\n<li>Horodi\u0219te<\/li>\n<li>Hristici<\/li>\n<li>Hru\u0219ova<\/li>\n<li>Ialoveni<\/li>\n<li>Iez\u0103renii Vechi<\/li>\n<li>Iliciovca<\/li>\n<li>Ine\u0219ti<\/li>\n<li>Iordanovca<\/li>\n<li>Iorjni\u021ba<\/li>\n<li>Iserlia<\/li>\n<li>I\u0219nov\u0103\u021b<\/li>\n<li>Iurceni<\/li>\n<li>Ivanovca<\/li>\n<li>Izbi\u0219te<\/li>\n<li>Izvoare<\/li>\n<li>Japca<\/li>\n<\/ul>\n<p><\/div>\n\n<\/div> <div class=\"fourcol-one\">\n<div class=\"shortcode-unorderedlist star\"><\/p>\n<ul>\n<li>Jeloboc<\/li>\n<li>Jevreni<\/li>\n<li>Larga Nou\u0103<\/li>\n<li>L\u0103pu\u0219na<\/li>\n<li>Loeva<\/li>\n<li>Leu\u0219eni<\/li>\n<li>Lipcani<\/li>\n<li>Lipnic<\/li>\n<li>Log\u0103ne\u0219ti<\/li>\n<li>Lopatnic<\/li>\n<li>Luc\u0103\u0219euca<\/li>\n<li>Lunga<\/li>\n<li>Maiac<\/li>\n<li>Malcoci<\/li>\n<li>Manta<\/li>\n<li>Marc\u0103u\u021bi<\/li>\n<li>Marinici<\/li>\n<li>Ma\u0219c\u0103u\u021bi<\/li>\n<li>M\u0103c\u0103re\u0219ti<\/li>\n<li>M\u0103gd\u0103ce\u0219ti<\/li>\n<li>M\u0103l\u0103ie\u0219tii Vechi<\/li>\n<li>M\u0103rcule\u0219ti<\/li>\n<li>M\u0103rine\u0219ti<\/li>\n<li>Mere\u0219eni<\/li>\n<li>Micle\u0219ti<\/li>\n<li>Mihailovca (S\u00eengerei)<\/li>\n<li>Mih\u0103la\u0219a<\/li>\n<li>Mile\u0219ti<\/li>\n<li>Mingir<\/li>\n<li>Mire\u0219ti<\/li>\n<li>M\u00eendra<\/li>\n<li>M\u00eendre\u0219ti<\/li>\n<li>M\u00eendre\u0219tii-Noi<\/li>\n<li>Mole\u0219ti<\/li>\n<li>Molovata Nou\u0103<\/li>\n<li>Molovata Veche<\/li>\n<li>Morenii Noi<\/li>\n<li>Napadova<\/li>\n<li>Negre\u0219ti<\/li>\n<li>Nicolaevca<\/li>\n<li>Nimereuca<\/li>\n<li>Nisporeni<\/li>\n<li>Ni\u0219cani<\/li>\n<li>Novaci<\/li>\n<li>Obileni<\/li>\n<li>Ochiul Alb<\/li>\n<li>Ocni\u021ba<\/li>\n<li>Ocolina<\/li>\n<li>Ohrincea<\/li>\n<li>Ol\u0103ne\u0219ti<\/li>\n<li>One\u0219ti<\/li>\n<li>Oni\u0219cani<\/li>\n<li>Oni\u021bcani<\/li>\n<li>Orac<\/li>\n<li>Orhei<\/li>\n<li>Oxentea<\/li>\n<li>Palanca<\/li>\n<li>Parcani<\/li>\n<li>Pa\u0219cani (Criuleni)<\/li>\n<li>Pa\u0219cani (H\u00eence\u0219ti)<\/li>\n<li>P\u0103n\u0103\u0219\u0103\u0219ti<\/li>\n<li>P\u0103ule\u0219ti<\/li>\n<li>Pelinia<\/li>\n<li>Pepeni<\/li>\n<li>Pereni<\/li>\n<li>Peresecina<\/li>\n<li>Peticeni<\/li>\n<li>Petre\u0219ti<\/li>\n<li>P\u00eer\u00eeta<\/li>\n<li>P\u00eerli\u021ba (Soroca)<\/li>\n<li>P\u00eerli\u021ba (Ungheni)<\/li>\n<li>Pog\u0103ne\u0219ti<\/li>\n<li>Pohoarna<\/li>\n<li>Pohrebea<\/li>\n<li>Popeasca<\/li>\n<li>Porumbeni<\/li>\n<li>Porumbe\u0219ti<\/li>\n<li>Prajila<\/li>\n<li>Prepeli\u021ba<\/li>\n<li>Prod\u0103ne\u0219ti<\/li>\n<li>Puhoi<\/li>\n<li>Putine\u0219ti<\/li>\n<li>Racov\u0103\u021b<\/li>\n<li>Ratu\u0219<\/li>\n<li>R\u0103cule\u0219ti<\/li>\n<li>R\u0103doaia<\/li>\n<li>R\u0103dulenii Vechi<\/li>\n<li>R\u0103m\u0103zani<\/li>\n<li>R\u0103sc\u0103ie\u021bi<\/li>\n<li>R\u0103spopeni<\/li>\n<li>R\u0103zeni<\/li>\n<li>Redi-Cere\u0219nove\u021b<\/li>\n<li>Regina-Maria<\/li>\n<li>Revaca<\/li>\n<li>Rezina (ora\u0219)<\/li>\n<li>Rezina (sat)<\/li>\n<li>R\u00eebni\u021ba<\/li>\n<li>R\u00ee\u0219cani<\/li>\n<li>R\u00ee\u0219cova<\/li>\n<li>Ro\u0219cani<\/li>\n<li>Ro\u0219ietici<\/li>\n<li>Ro\u0219ieticii Vechi<\/li>\n<li>Ro\u0219u<\/li>\n<li>Rubleni\u021ba<\/li>\n<li>Rudi<\/li>\n<li>Ruse\u0219tii Noi<\/li>\n<li>Sadaclia<\/li>\n<\/ul>\n<p><\/div>\n\n<\/div> <div class=\"fourcol-one last\">\n<div style=\"margin: 100 0 0 0;\"><div class=\"shortcode-unorderedlist star\"><\/p>\n<ul>\n<li>Sadova<\/li>\n<li>Salcia<\/li>\n<li>S\u0103lcu\u021ba<\/li>\n<li>S\u0103m\u0103\u0219cani<\/li>\n<li>S\u0103n\u0103t\u0103uca<\/li>\n<li>S\u0103rata Nou\u0103<\/li>\n<li>S\u0103rata-R\u0103ze\u021bti<\/li>\n<li>S\u0103rata-Galben\u0103<\/li>\n<li>S\u0103r\u0103teni<\/li>\n<li>S\u0103r\u0103tenii Vechi<\/li>\n<li>Schineni<\/li>\n<li>Scorani<\/li>\n<li>Scor\u021beni<\/li>\n<li>Sculeni<\/li>\n<li>Seli\u0219te<\/li>\n<li>Seli\u015ftea Nou\u0103<\/li>\n<li>Semeni<\/li>\n<li>Sevirova<\/li>\n<li>S\u00eengerei<\/li>\n<li>S\u00eengereii Noi<\/li>\n<li>Sipoteni<\/li>\n<li>S\u00eerbe\u0219ti<\/li>\n<li>S\u00eerma<\/li>\n<li>Slobozia<\/li>\n<li>Slobozia Cremene<\/li>\n<li>Slobozia Mare<\/li>\n<li>Slobozia-Du\u0219ca<\/li>\n<li>Sloveanca<\/li>\n<li>Sobari<\/li>\n<li>Sofia<\/li>\n<li>Solt\u0103ne\u0219ti<\/li>\n<li>Soroca<\/li>\n<li>Ste\u021bcani<\/li>\n<li>Stolniceni<\/li>\n<li>Str\u0103\u0219eni<\/li>\n<li>\u0218eptilici<\/li>\n<li>\u0218estaci<\/li>\n<li>\u0218ipca<\/li>\n<li>\u0218ipoteni<\/li>\n<li>\u0218i\u0219cani<\/li>\n<li>\u0218olcani<\/li>\n<li>\u0218old\u0103ne\u0219ti<\/li>\n<li>\u0218tefan Vod\u0103<\/li>\n<li>\u0218tef\u0103ne\u0219ti (Flore\u0219ti)<\/li>\n<li>\u0218tef\u0103ne\u0219ti (\u0218tefan Vod\u0103)<\/li>\n<li>Talmaza<\/li>\n<li>Taraclia<\/li>\n<li>Taraclia de Salcie<\/li>\n<li>T\u0103t\u0103r\u0103uca Nou\u0103<\/li>\n<li>T\u0103t\u0103r\u0103uca Veche<\/li>\n<li>Telene\u0219ti<\/li>\n<li>Tele\u0219eu<\/li>\n<li>Temeleu\u021bi (C\u0103l\u0103ra\u0219i)<\/li>\n<li>Temeleu\u021bi (Flore\u0219ti)<\/li>\n<li>Te\u0219cureni<\/li>\n<li>Tigheci<\/li>\n<li>Tighina<\/li>\n<li>Tiraspol<\/li>\n<li>Tiraspolul Nou<\/li>\n<li>T\u00eergul Vertiujeni<\/li>\n<li>Tochile-R\u0103ducani<\/li>\n<li>Todire\u0219ti<\/li>\n<li>Tomai<\/li>\n<li>Trif\u0103ne\u0219ti<\/li>\n<li>Trif\u0103u\u021bi<\/li>\n<li>Tudora<\/li>\n<li>Tvardi\u021ba<\/li>\n<li>\u021aambula<\/li>\n<li>\u021aarigrad<\/li>\n<li>\u021aepilova<\/li>\n<li>\u021aibirica<\/li>\n<li>\u021aiple\u0219ti<\/li>\n<li>\u021aiplete\u0219ti<\/li>\n<li>\u021aipordei<\/li>\n<li>\u021a\u00eera<\/li>\n<li>Ucrainca<\/li>\n<li>Ulmu<\/li>\n<li>Ungheni<\/li>\n<li>Un\u021be\u0219ti<\/li>\n<li>Ustia<\/li>\n<li>Vadul lui Isac<\/li>\n<li>Valea Mare<\/li>\n<li>Vasilc\u0103u<\/li>\n<li>V\u0103deni<\/li>\n<li>V\u0103lcine\u021b<\/li>\n<li>V\u0103r\u0103nc\u0103u<\/li>\n<li>V\u0103rv\u0103reuca<\/li>\n<li>V\u0103rz\u0103re\u0219ti<\/li>\n<li>V\u0103rz\u0103re\u0219tii Noi<\/li>\n<li>V\u0103sc\u0103u\u021bi<\/li>\n<li>V\u0103sieni<\/li>\n<li>V\u0103t\u0103m\u0103neasa<\/li>\n<li>Verejeni<\/li>\n<li>Vertiujeni<\/li>\n<li>V\u00een\u0103tori<\/li>\n<li>Visoca<\/li>\n<li>Voinescu<\/li>\n<li>Volovi\u021ba<\/li>\n<li>Vr\u0103ne\u0219ti<\/li>\n<li>Vulc\u0103ne\u0219ti<\/li>\n<li>Vulpe\u0219ti<\/li>\n<li>Zagarancea<\/li>\n<li>Zast\u00eenca<\/li>\n<li>Z\u0103icana<\/li>\n<li>Z\u0103luceni<\/li>\n<li>Zberoaia<\/li>\n<\/ul>\n<p><\/div>\n<\/p>\n<\/div>\n<\/div><div class=\"clear\"><\/div><\/p>\n<p style=\"text-align: center;\"><a title=\"101 femei fericite\" href=\"http:\/\/femeifericite.com\"><img loading=\"lazy\" decoding=\"async\" class=\"aligncenter size-full wp-image-1601\" src=\"http:\/\/www.marsulpentruviata.ro\/wp-content\/uploads\/2014\/03\/Stiri2.jpg\" alt=\"Stiri2\" width=\"728\" height=\"90\" \/><\/a><\/p>","protected":false},"excerpt":{"rendered":"","protected":false},"author":2,"featured_media":0,"parent":0,"menu_order":0,"comment_status":"open","ping_status":"open","template":"template-fullwidth.php","meta":{"jetpack_post_was_ever_published":false,"footnotes":""},"class_list":["post-627","page","type-page","status-publish","hentry"],"yoast_head":"<!-- This site is optimized with the Yoast SEO plugin v27.5 - https:\/\/yoast.com\/product\/yoast-seo-wordpress\/ -->\n<title>Ora\u0219e organizatoare<\/title>\n<meta name=\"robots\" content=\"index, follow, max-snippet:-1, max-image-preview:large, max-video-preview:-1\" \/>\n<link rel=\"canonical\" href=\"http:\/\/www.marsulpentruviata.md\/en\/\" \/>\n<meta property=\"og:locale\" content=\"en_US\" \/>\n<meta property=\"og:type\" content=\"article\" \/>\n<meta property=\"og:title\" content=\"Ora\u0219e organizatoare\" \/>\n<meta property=\"og:url\" content=\"http:\/\/www.marsulpentruviata.md\/en\/\" \/>\n<meta property=\"og:site_name\" content=\"Mar\u0219ul pentru via\u021b\u0103\" \/>\n<meta property=\"article:modified_time\" content=\"2021-04-19T16:08:16+00:00\" \/>\n<meta property=\"og:image\" content=\"http:\/\/www.marsulpentruviata.ro\/wp-content\/uploads\/2014\/03\/Stiri2.jpg\" \/>\n<meta name=\"twitter:card\" content=\"summary_large_image\" \/>\n<meta name=\"twitter:label1\" content=\"Est. reading time\" \/>\n\t<meta name=\"twitter:data1\" content=\"3 minutes\" \/>\n<script type=\"application\/ld+json\" class=\"yoast-schema-graph\">{\"@context\":\"https:\\\/\\\/schema.org\",\"@graph\":[{\"@type\":\"WebPage\",\"@id\":\"http:\\\/\\\/www.marsulpentruviata.md\\\/en\\\/\",\"url\":\"http:\\\/\\\/www.marsulpentruviata.md\\\/en\\\/\",\"name\":\"Ora\u0219e organizatoare\",\"isPartOf\":{\"@id\":\"http:\\\/\\\/www.marsulpentruviata.md\\\/en\\\/#website\"},\"primaryImageOfPage\":{\"@id\":\"http:\\\/\\\/www.marsulpentruviata.md\\\/en\\\/#primaryimage\"},\"image\":{\"@id\":\"http:\\\/\\\/www.marsulpentruviata.md\\\/en\\\/#primaryimage\"},\"thumbnailUrl\":\"http:\\\/\\\/www.marsulpentruviata.ro\\\/wp-content\\\/uploads\\\/2014\\\/03\\\/Stiri2.jpg\",\"datePublished\":\"2014-03-18T16:09:10+00:00\",\"dateModified\":\"2021-04-19T16:08:16+00:00\",\"breadcrumb\":{\"@id\":\"http:\\\/\\\/www.marsulpentruviata.md\\\/en\\\/#breadcrumb\"},\"inLanguage\":\"en-US\",\"potentialAction\":[{\"@type\":\"ReadAction\",\"target\":[\"http:\\\/\\\/www.marsulpentruviata.md\\\/en\\\/\"]}]},{\"@type\":\"ImageObject\",\"inLanguage\":\"en-US\",\"@id\":\"http:\\\/\\\/www.marsulpentruviata.md\\\/en\\\/#primaryimage\",\"url\":\"http:\\\/\\\/www.marsulpentruviata.ro\\\/wp-content\\\/uploads\\\/2014\\\/03\\\/Stiri2.jpg\",\"contentUrl\":\"http:\\\/\\\/www.marsulpentruviata.ro\\\/wp-content\\\/uploads\\\/2014\\\/03\\\/Stiri2.jpg\"},{\"@type\":\"BreadcrumbList\",\"@id\":\"http:\\\/\\\/www.marsulpentruviata.md\\\/en\\\/#breadcrumb\",\"itemListElement\":[{\"@type\":\"ListItem\",\"position\":1,\"name\":\"Home\",\"item\":\"http:\\\/\\\/www.marsulpentruviata.md\\\/en\\\/\"},{\"@type\":\"ListItem\",\"position\":2,\"name\":\"Ora\u0219e organizatoare\"}]},{\"@type\":\"WebSite\",\"@id\":\"http:\\\/\\\/www.marsulpentruviata.md\\\/en\\\/#website\",\"url\":\"http:\\\/\\\/www.marsulpentruviata.md\\\/en\\\/\",\"name\":\"Mar\u0219ul pentru via\u021b\u0103\",\"description\":\"O lume pentru via\u021b\u0103\",\"potentialAction\":[{\"@type\":\"SearchAction\",\"target\":{\"@type\":\"EntryPoint\",\"urlTemplate\":\"http:\\\/\\\/www.marsulpentruviata.md\\\/en\\\/?s={search_term_string}\"},\"query-input\":{\"@type\":\"PropertyValueSpecification\",\"valueRequired\":true,\"valueName\":\"search_term_string\"}}],\"inLanguage\":\"en-US\"}]}<\/script>\n<!-- \/ Yoast SEO plugin. -->","yoast_head_json":{"title":"Organizing Cities","robots":{"index":"index","follow":"follow","max-snippet":"max-snippet:-1","max-image-preview":"max-image-preview:large","max-video-preview":"max-video-preview:-1"},"canonical":"http:\/\/www.marsulpentruviata.md\/en\/","og_locale":"en_US","og_type":"article","og_title":"Ora\u0219e organizatoare","og_url":"http:\/\/www.marsulpentruviata.md\/en\/","og_site_name":"Mar\u0219ul pentru via\u021b\u0103","article_modified_time":"2021-04-19T16:08:16+00:00","og_image":[{"url":"http:\/\/www.marsulpentruviata.ro\/wp-content\/uploads\/2014\/03\/Stiri2.jpg","type":"","width":"","height":""}],"twitter_card":"summary_large_image","twitter_misc":{"Est. reading time":"3 minutes"},"schema":{"@context":"https:\/\/schema.org","@graph":[{"@type":"WebPage","@id":"http:\/\/www.marsulpentruviata.md\/en\/","url":"http:\/\/www.marsulpentruviata.md\/en\/","name":"Organizing Cities","isPartOf":{"@id":"http:\/\/www.marsulpentruviata.md\/en\/#website"},"primaryImageOfPage":{"@id":"http:\/\/www.marsulpentruviata.md\/en\/#primaryimage"},"image":{"@id":"http:\/\/www.marsulpentruviata.md\/en\/#primaryimage"},"thumbnailUrl":"http:\/\/www.marsulpentruviata.ro\/wp-content\/uploads\/2014\/03\/Stiri2.jpg","datePublished":"2014-03-18T16:09:10+00:00","dateModified":"2021-04-19T16:08:16+00:00","breadcrumb":{"@id":"http:\/\/www.marsulpentruviata.md\/en\/#breadcrumb"},"inLanguage":"en-US","potentialAction":[{"@type":"ReadAction","target":["http:\/\/www.marsulpentruviata.md\/en\/"]}]},{"@type":"ImageObject","inLanguage":"en-US","@id":"http:\/\/www.marsulpentruviata.md\/en\/#primaryimage","url":"http:\/\/www.marsulpentruviata.ro\/wp-content\/uploads\/2014\/03\/Stiri2.jpg","contentUrl":"http:\/\/www.marsulpentruviata.ro\/wp-content\/uploads\/2014\/03\/Stiri2.jpg"},{"@type":"BreadcrumbList","@id":"http:\/\/www.marsulpentruviata.md\/en\/#breadcrumb","itemListElement":[{"@type":"ListItem","position":1,"name":"Home","item":"http:\/\/www.marsulpentruviata.md\/en\/"},{"@type":"ListItem","position":2,"name":"Ora\u0219e organizatoare"}]},{"@type":"WebSite","@id":"http:\/\/www.marsulpentruviata.md\/en\/#website","url":"http:\/\/www.marsulpentruviata.md\/en\/","name":"March for Life","description":"O lume pentru via\u021b\u0103","potentialAction":[{"@type":"SearchAction","target":{"@type":"EntryPoint","urlTemplate":"http:\/\/www.marsulpentruviata.md\/en\/?s={search_term_string}"},"query-input":{"@type":"PropertyValueSpecification","valueRequired":true,"valueName":"search_term_string"}}],"inLanguage":"en-US"}]}},"jetpack_sharing_enabled":true,"jetpack_shortlink":"https:\/\/wp.me\/P7mnA9-a7","_links":{"self":[{"href":"https:\/\/www.marsulpentruviata.md\/en\/wp-json\/wp\/v2\/pages\/627","targetHints":{"allow":["GET"]}}],"collection":[{"href":"https:\/\/www.marsulpentruviata.md\/en\/wp-json\/wp\/v2\/pages"}],"about":[{"href":"https:\/\/www.marsulpentruviata.md\/en\/wp-json\/wp\/v2\/types\/page"}],"author":[{"embeddable":true,"href":"https:\/\/www.marsulpentruviata.md\/en\/wp-json\/wp\/v2\/users\/2"}],"replies":[{"embeddable":true,"href":"https:\/\/www.marsulpentruviata.md\/en\/wp-json\/wp\/v2\/comments?post=627"}],"version-history":[{"count":80,"href":"https:\/\/www.marsulpentruviata.md\/en\/wp-json\/wp\/v2\/pages\/627\/revisions"}],"predecessor-version":[{"id":2617,"href":"https:\/\/www.marsulpentruviata.md\/en\/wp-json\/wp\/v2\/pages\/627\/revisions\/2617"}],"wp:attachment":[{"href":"https:\/\/www.marsulpentruviata.md\/en\/wp-json\/wp\/v2\/media?parent=627"}],"curies":[{"name":"wp","href":"https:\/\/api.w.org\/{rel}","templated":true}]}}